{"id":270,"date":"2025-02-02T12:04:02","date_gmt":"2025-02-02T12:04:02","guid":{"rendered":"https:\/\/whitewedding.com.pl\/?page_id=270"},"modified":"2025-02-14T13:53:27","modified_gmt":"2025-02-14T13:53:27","slug":"zespol","status":"publish","type":"page","link":"https:\/\/whitewedding.com.pl\/index.php\/zespol\/","title":{"rendered":"Zesp\u00f3\u0142"},"content":{"rendered":"\t\t<div data-elementor-type=\"wp-page\" data-elementor-id=\"270\" class=\"elementor elementor-270\" data-elementor-post-type=\"page\">\n\t\t\t\t<header class=\"elementor-element elementor-element-1b3ea0b1 e-con-full e-flex e-con e-parent\" data-id=\"1b3ea0b1\" data-element_type=\"container\" data-e-type=\"container\">\n\t\t<div class=\"elementor-element elementor-element-1a55fc46 e-con-full e-flex e-con e-child\" data-id=\"1a55fc46\" data-element_type=\"container\" data-e-type=\"container\">\n\t\t\t\t<div class=\"elementor-element elementor-element-32ea8451 elementor-invisible elementor-widget elementor-widget-image\" data-id=\"32ea8451\" data-element_type=\"widget\" data-e-type=\"widget\" data-settings=\"{&quot;_animation&quot;:&quot;bounceInRight&quot;}\" data-widget_type=\"image.default\">\n\t\t\t\t<div class=\"elementor-widget-container\">\n\t\t\t\t\t\t\t\t\t\t\t\t\t\t\t\t<a href=\"https:\/\/whitewedding.com.pl\/\">\n\t\t\t\t\t\t\t<img decoding=\"async\" width=\"487\" height=\"101\" src=\"https:\/\/whitewedding.com.pl\/wp-content\/uploads\/2025\/02\/whitewedding-gold.svg\" class=\"attachment-full size-full wp-image-13\" alt=\"\" \/>\t\t\t\t\t\t\t\t<\/a>\n\t\t\t\t\t\t\t\t\t\t\t\t\t\t\t<\/div>\n\t\t\t\t<\/div>\n\t\t\t\t<\/div>\n\t\t<div class=\"elementor-element elementor-element-1ffe42c0 e-con-full e-flex e-con e-child\" data-id=\"1ffe42c0\" data-element_type=\"container\" data-e-type=\"container\">\n\t\t\t\t<div class=\"elementor-element elementor-element-3b658193 elementor-align-end elementor-icon-list--layout-traditional elementor-list-item-link-full_width elementor-widget elementor-widget-icon-list\" data-id=\"3b658193\" data-element_type=\"widget\" data-e-type=\"widget\" data-widget_type=\"icon-list.default\">\n\t\t\t\t<div class=\"elementor-widget-container\">\n\t\t\t\t\t\t\t<ul class=\"elementor-icon-list-items\">\n\t\t\t\t\t\t\t<li class=\"elementor-icon-list-item\">\n\t\t\t\t\t\t\t\t\t\t\t<a href=\"tel:+48886094886\">\n\n\t\t\t\t\t\t\t\t\t\t\t\t<span class=\"elementor-icon-list-icon\">\n\t\t\t\t\t\t\t<svg xmlns=\"http:\/\/www.w3.org\/2000\/svg\" id=\"bca8668a-c1a7-45ca-a09b-aba638241546\" data-name=\"Layer 1\" width=\"14.9685\" height=\"15\" viewBox=\"0 0 14.9685 15\"><path d=\"M14.576,11.0085,12.4827,8.9152a1.3923,1.3923,0,0,0-2.3176.5233,1.4244,1.4244,0,0,1-1.6447.8971A6.455,6.455,0,0,1,4.6328,6.4481,1.3551,1.3551,0,0,1,5.53,4.8033a1.3922,1.3922,0,0,0,.5233-2.3175L3.96.3925a1.4929,1.4929,0,0,0-2.0185,0l-1.42,1.42C-.8994,3.3082.6705,7.27,4.1843,10.7842s7.476,5.1585,8.9712,3.6633L14.576,13.027A1.4931,1.4931,0,0,0,14.576,11.0085Z\" transform=\"translate(0 0)\"><\/path><\/svg>\t\t\t\t\t\t<\/span>\n\t\t\t\t\t\t\t\t\t\t<span class=\"elementor-icon-list-text\">886 094 886<\/span>\n\t\t\t\t\t\t\t\t\t\t\t<\/a>\n\t\t\t\t\t\t\t\t\t<\/li>\n\t\t\t\t\t\t<\/ul>\n\t\t\t\t\t\t<\/div>\n\t\t\t\t<\/div>\n\t\t\t\t<\/div>\n\t\t\t\t<\/header>\n\t\t<div class=\"elementor-element elementor-element-30b03ad2 e-flex e-con-boxed e-con e-parent\" data-id=\"30b03ad2\" data-element_type=\"container\" data-e-type=\"container\">\n\t\t\t\t\t<div class=\"e-con-inner\">\n\t\t\t\t<div class=\"elementor-element elementor-element-120d5da9 elementor-nav-menu--dropdown-tablet elementor-nav-menu__text-align-aside elementor-nav-menu--toggle elementor-nav-menu--burger elementor-widget elementor-widget-nav-menu\" data-id=\"120d5da9\" data-element_type=\"widget\" data-e-type=\"widget\" data-settings=\"{&quot;layout&quot;:&quot;horizontal&quot;,&quot;submenu_icon&quot;:{&quot;value&quot;:&quot;&lt;svg aria-hidden=\\&quot;true\\&quot; class=\\&quot;e-font-icon-svg e-fas-caret-down\\&quot; viewBox=\\&quot;0 0 320 512\\&quot; xmlns=\\&quot;http:\\\/\\\/www.w3.org\\\/2000\\\/svg\\&quot;&gt;&lt;path d=\\&quot;M31.3 192h257.3c17.8 0 26.7 21.5 14.1 34.1L174.1 354.8c-7.8 7.8-20.5 7.8-28.3 0L17.2 226.1C4.6 213.5 13.5 192 31.3 192z\\&quot;&gt;&lt;\\\/path&gt;&lt;\\\/svg&gt;&quot;,&quot;library&quot;:&quot;fa-solid&quot;},&quot;toggle&quot;:&quot;burger&quot;}\" data-widget_type=\"nav-menu.default\">\n\t\t\t\t<div class=\"elementor-widget-container\">\n\t\t\t\t\t\t\t\t<nav aria-label=\"Menu\" class=\"elementor-nav-menu--main elementor-nav-menu__container elementor-nav-menu--layout-horizontal e--pointer-underline e--animation-fade\">\n\t\t\t\t<ul id=\"menu-1-120d5da9\" class=\"elementor-nav-menu\"><li class=\"menu-item menu-item-type-post_type menu-item-object-page menu-item-home menu-item-175\"><a href=\"https:\/\/whitewedding.com.pl\/\" class=\"elementor-item\">HOME<\/a><\/li>\n<li class=\"menu-item menu-item-type-post_type menu-item-object-page menu-item-359\"><a href=\"https:\/\/whitewedding.com.pl\/index.php\/wedding-planer\/\" class=\"elementor-item\">WEDDING PLANNER<\/a><\/li>\n<li class=\"menu-item menu-item-type-post_type menu-item-object-page menu-item-170\"><a href=\"https:\/\/whitewedding.com.pl\/index.php\/florystyka\/\" class=\"elementor-item\">FLORYSTYKA<\/a><\/li>\n<li class=\"menu-item menu-item-type-post_type menu-item-object-page menu-item-279\"><a href=\"https:\/\/whitewedding.com.pl\/index.php\/zespol\/\" class=\"elementor-item\">ZESP\u00d3\u0141<\/a><\/li>\n<\/ul>\t\t\t<\/nav>\n\t\t\t\t\t<div class=\"elementor-menu-toggle\" role=\"button\" tabindex=\"0\" aria-label=\"Menu Toggle\" aria-expanded=\"false\">\n\t\t\t<svg aria-hidden=\"true\" role=\"presentation\" class=\"elementor-menu-toggle__icon--open e-font-icon-svg e-eicon-menu-bar\" viewBox=\"0 0 1000 1000\" xmlns=\"http:\/\/www.w3.org\/2000\/svg\"><path d=\"M104 333H896C929 333 958 304 958 271S929 208 896 208H104C71 208 42 237 42 271S71 333 104 333ZM104 583H896C929 583 958 554 958 521S929 458 896 458H104C71 458 42 487 42 521S71 583 104 583ZM104 833H896C929 833 958 804 958 771S929 708 896 708H104C71 708 42 737 42 771S71 833 104 833Z\"><\/path><\/svg><svg aria-hidden=\"true\" role=\"presentation\" class=\"elementor-menu-toggle__icon--close e-font-icon-svg e-eicon-close\" viewBox=\"0 0 1000 1000\" xmlns=\"http:\/\/www.w3.org\/2000\/svg\"><path d=\"M742 167L500 408 258 167C246 154 233 150 217 150 196 150 179 158 167 167 154 179 150 196 150 212 150 229 154 242 171 254L408 500 167 742C138 771 138 800 167 829 196 858 225 858 254 829L496 587 738 829C750 842 767 846 783 846 800 846 817 842 829 829 842 817 846 804 846 783 846 767 842 750 829 737L588 500 833 258C863 229 863 200 833 171 804 137 775 137 742 167Z\"><\/path><\/svg>\t\t<\/div>\n\t\t\t\t\t<nav class=\"elementor-nav-menu--dropdown elementor-nav-menu__container\" aria-hidden=\"true\">\n\t\t\t\t<ul id=\"menu-2-120d5da9\" class=\"elementor-nav-menu\"><li class=\"menu-item menu-item-type-post_type menu-item-object-page menu-item-home menu-item-175\"><a href=\"https:\/\/whitewedding.com.pl\/\" class=\"elementor-item\" tabindex=\"-1\">HOME<\/a><\/li>\n<li class=\"menu-item menu-item-type-post_type menu-item-object-page menu-item-359\"><a href=\"https:\/\/whitewedding.com.pl\/index.php\/wedding-planer\/\" class=\"elementor-item\" tabindex=\"-1\">WEDDING PLANNER<\/a><\/li>\n<li class=\"menu-item menu-item-type-post_type menu-item-object-page menu-item-170\"><a href=\"https:\/\/whitewedding.com.pl\/index.php\/florystyka\/\" class=\"elementor-item\" tabindex=\"-1\">FLORYSTYKA<\/a><\/li>\n<li class=\"menu-item menu-item-type-post_type menu-item-object-page menu-item-279\"><a href=\"https:\/\/whitewedding.com.pl\/index.php\/zespol\/\" class=\"elementor-item\" tabindex=\"-1\">ZESP\u00d3\u0141<\/a><\/li>\n<\/ul>\t\t\t<\/nav>\n\t\t\t\t\t\t<\/div>\n\t\t\t\t<\/div>\n\t\t\t\t\t<\/div>\n\t\t\t\t<\/div>\n\t\t<div class=\"elementor-element elementor-element-a171136 e-con-full e-flex e-con e-parent\" data-id=\"a171136\" data-element_type=\"container\" data-e-type=\"container\">\n\t\t\t\t<div class=\"elementor-element elementor-element-ac25c08 elementor-widget elementor-widget-video\" data-id=\"ac25c08\" data-element_type=\"widget\" data-e-type=\"widget\" data-settings=\"{&quot;video_type&quot;:&quot;hosted&quot;,&quot;autoplay&quot;:&quot;yes&quot;,&quot;loop&quot;:&quot;yes&quot;,&quot;play_on_mobile&quot;:&quot;yes&quot;,&quot;mute&quot;:&quot;yes&quot;}\" data-widget_type=\"video.default\">\n\t\t\t\t<div class=\"elementor-widget-container\">\n\t\t\t\t\t\t\t<div class=\"e-hosted-video elementor-wrapper elementor-open-inline\">\n\t\t\t\t\t<video class=\"elementor-video\" src=\"http:\/\/whitewedding.com.pl\/wp-content\/uploads\/2025\/02\/i-will-survive-3.mov\" autoplay=\"\" loop=\"\" muted=\"muted\" playsinline=\"\" controlsList=\"nodownload\"><\/video>\n\t\t\t\t<\/div>\n\t\t\t\t\t\t<\/div>\n\t\t\t\t<\/div>\n\t\t\t\t<\/div>\n\t\t<div class=\"elementor-element elementor-element-79487bd4 e-flex e-con-boxed e-con e-parent\" data-id=\"79487bd4\" data-element_type=\"container\" data-e-type=\"container\">\n\t\t\t\t\t<div class=\"e-con-inner\">\n\t\t<div class=\"elementor-element elementor-element-43b00dd4 e-con-full e-flex e-con e-child\" data-id=\"43b00dd4\" data-element_type=\"container\" data-e-type=\"container\">\n\t\t<div class=\"elementor-element elementor-element-3cd5c8eb e-con-full e-flex e-con e-child\" data-id=\"3cd5c8eb\" data-element_type=\"container\" data-e-type=\"container\">\n\t\t\t\t<div class=\"elementor-element elementor-element-761e5cc7 elementor-widget-mobile__width-inherit elementor-widget elementor-widget-image\" data-id=\"761e5cc7\" data-element_type=\"widget\" data-e-type=\"widget\" data-widget_type=\"image.default\">\n\t\t\t\t<div class=\"elementor-widget-container\">\n\t\t\t\t\t\t\t\t\t\t\t\t\t\t\t<img fetchpriority=\"high\" decoding=\"async\" width=\"300\" height=\"200\" src=\"https:\/\/whitewedding.com.pl\/wp-content\/uploads\/2025\/02\/Foto-966-300x200.jpg\" class=\"attachment-medium size-medium wp-image-308\" alt=\"\" srcset=\"https:\/\/whitewedding.com.pl\/wp-content\/uploads\/2025\/02\/Foto-966-300x200.jpg 300w, https:\/\/whitewedding.com.pl\/wp-content\/uploads\/2025\/02\/Foto-966-1024x683.jpg 1024w, https:\/\/whitewedding.com.pl\/wp-content\/uploads\/2025\/02\/Foto-966-768x512.jpg 768w, https:\/\/whitewedding.com.pl\/wp-content\/uploads\/2025\/02\/Foto-966-1536x1024.jpg 1536w, https:\/\/whitewedding.com.pl\/wp-content\/uploads\/2025\/02\/Foto-966-2048x1365.jpg 2048w\" sizes=\"(max-width: 300px) 100vw, 300px\" \/>\t\t\t\t\t\t\t\t\t\t\t\t\t\t\t<\/div>\n\t\t\t\t<\/div>\n\t\t\t\t<\/div>\n\t\t\t\t<\/div>\n\t\t<div class=\"elementor-element elementor-element-5684c72b e-con-full e-flex e-con e-child\" data-id=\"5684c72b\" data-element_type=\"container\" data-e-type=\"container\">\n\t\t\t\t<div class=\"elementor-element elementor-element-347eeac4 elementor-widget elementor-widget-heading\" data-id=\"347eeac4\" data-element_type=\"widget\" data-e-type=\"widget\" data-widget_type=\"heading.default\">\n\t\t\t\t<div class=\"elementor-widget-container\">\n\t\t\t\t\t<h3 class=\"elementor-heading-title elementor-size-default\">ZESP\u00d3\u0141<\/h3>\t\t\t\t<\/div>\n\t\t\t\t<\/div>\n\t\t\t\t<div class=\"elementor-element elementor-element-f397108 elementor-widget elementor-widget-text-editor\" data-id=\"f397108\" data-element_type=\"widget\" data-e-type=\"widget\" data-widget_type=\"text-editor.default\">\n\t\t\t\t<div class=\"elementor-widget-container\">\n\t\t\t\t\t\t\t\t\t<p>Zesp\u00f3\u0142 <strong>GramyDlaWas<\/strong> to gwarancja doskona\u0142ej oprawy muzycznej, kt\u00f3ra nada ka\u017cdej uroczysto\u015bci weselnej niepowtarzalny klimat. Po\u0142\u0105czenie bogatego repertuaru \u2013 od klasycznych szlagier\u00f3w po wsp\u00f3\u0142czesne hity \u2013 z wysokim poziomem wykonania sprawia, \u017ce parkiet zape\u0142nia si\u0119 od pierwszego do ostatniego utworu. Muzycy nie tylko potrafi\u0105 rozgrza\u0107 atmosfer\u0119 i porwa\u0107 go\u015bci do ta\u0144ca, ale te\u017c subtelnie poprowadzi\u0107 konferansjerk\u0119, dzi\u0119ki czemu ca\u0142o\u015b\u0107 przyj\u0119cia nabiera sp\u00f3jnej i radosnej formy. Otwarto\u015b\u0107 na sugestie Pary M\u0142odej pozwala idealnie wpasowa\u0107 si\u0119 w ich gust, tworz\u0105c jednocze\u015bnie niepowtarzalny charakter wesela.<\/p><p>Wyb\u00f3r sprawdzonego zespo\u0142u przek\u0142ada si\u0119 na bezcenny komfort w dniu \u015blubu. <strong>GramyDlaWas<\/strong> to zgrany sk\u0142ad profesjonalist\u00f3w, kt\u00f3rzy wiedz\u0105, jak skoordynowa\u0107 swoje dzia\u0142ania z innymi us\u0142ugodawcami i zadba\u0107 o p\u0142ynny przebieg wydarze\u0144. Do\u015bwiadczenie zdobyte podczas wielu imprez weselnych sprawia, \u017ce muzycy s\u0105 gotowi na r\u00f3\u017cne scenariusze i potrafi\u0105 szybko reagowa\u0107 na potrzeby go\u015bci. Dzi\u0119ki temu Para M\u0142oda mo\u017ce skupi\u0107 si\u0119 na celebrowaniu swojego wielkiego dnia, bez obaw o opraw\u0119 muzyczn\u0105. Wybieraj\u0105c <strong>GramyDlaWas<\/strong>, stawia si\u0119 na pewno\u015b\u0107, styl i wspania\u0142\u0105 zabaw\u0119, kt\u00f3ra na d\u0142ugo pozostaje w pami\u0119ci wszystkich uczestnik\u00f3w.<\/p>\t\t\t\t\t\t\t\t<\/div>\n\t\t\t\t<\/div>\n\t\t\t\t<\/div>\n\t\t\t\t\t<\/div>\n\t\t\t\t<\/div>\n\t\t<div class=\"elementor-element elementor-element-27c5e3a e-grid e-con-boxed e-con e-parent\" data-id=\"27c5e3a\" data-element_type=\"container\" data-e-type=\"container\">\n\t\t\t\t\t<div class=\"e-con-inner\">\n\t\t\t\t<div class=\"elementor-element elementor-element-4a1ed3d elementor-widget elementor-widget-video\" data-id=\"4a1ed3d\" data-element_type=\"widget\" data-e-type=\"widget\" data-settings=\"{&quot;video_type&quot;:&quot;hosted&quot;,&quot;controls&quot;:&quot;yes&quot;}\" data-widget_type=\"video.default\">\n\t\t\t\t<div class=\"elementor-widget-container\">\n\t\t\t\t\t\t\t<div class=\"e-hosted-video elementor-wrapper elementor-open-inline\">\n\t\t\t\t\t<video class=\"elementor-video\" src=\"http:\/\/whitewedding.com.pl\/wp-content\/uploads\/2025\/02\/i-will-survive-3.mov\" controls=\"\" preload=\"metadata\" controlsList=\"nodownload\"><\/video>\n\t\t\t\t<\/div>\n\t\t\t\t\t\t<\/div>\n\t\t\t\t<\/div>\n\t\t\t\t<div class=\"elementor-element elementor-element-3d74a4a elementor-widget elementor-widget-video\" data-id=\"3d74a4a\" data-element_type=\"widget\" data-e-type=\"widget\" data-settings=\"{&quot;video_type&quot;:&quot;hosted&quot;,&quot;controls&quot;:&quot;yes&quot;}\" data-widget_type=\"video.default\">\n\t\t\t\t<div class=\"elementor-widget-container\">\n\t\t\t\t\t\t\t<div class=\"e-hosted-video elementor-wrapper elementor-open-inline\">\n\t\t\t\t\t<video class=\"elementor-video\" src=\"http:\/\/whitewedding.com.pl\/wp-content\/uploads\/2025\/02\/co-mi-panie-dasz-2.mov\" controls=\"\" preload=\"metadata\" controlsList=\"nodownload\"><\/video>\n\t\t\t\t<\/div>\n\t\t\t\t\t\t<\/div>\n\t\t\t\t<\/div>\n\t\t\t\t<div class=\"elementor-element elementor-element-75228ed elementor-widget elementor-widget-video\" data-id=\"75228ed\" data-element_type=\"widget\" data-e-type=\"widget\" data-settings=\"{&quot;video_type&quot;:&quot;hosted&quot;,&quot;controls&quot;:&quot;yes&quot;}\" data-widget_type=\"video.default\">\n\t\t\t\t<div class=\"elementor-widget-container\">\n\t\t\t\t\t\t\t<div class=\"e-hosted-video elementor-wrapper elementor-open-inline\">\n\t\t\t\t\t<video class=\"elementor-video\" src=\"http:\/\/whitewedding.com.pl\/wp-content\/uploads\/2025\/02\/solo-2.mov\" controls=\"\" preload=\"metadata\" controlsList=\"nodownload\"><\/video>\n\t\t\t\t<\/div>\n\t\t\t\t\t\t<\/div>\n\t\t\t\t<\/div>\n\t\t\t\t\t<\/div>\n\t\t\t\t<\/div>\n\t\t<div class=\"elementor-element elementor-element-152b142 e-flex e-con-boxed e-con e-parent\" data-id=\"152b142\" data-element_type=\"container\" data-e-type=\"container\">\n\t\t\t\t\t<div class=\"e-con-inner\">\n\t\t<div class=\"elementor-element elementor-element-0ae9a32 e-con-full e-flex e-con e-child\" data-id=\"0ae9a32\" data-element_type=\"container\" data-e-type=\"container\">\n\t\t<div class=\"elementor-element elementor-element-d9102cb e-con-full e-flex e-con e-child\" data-id=\"d9102cb\" data-element_type=\"container\" data-e-type=\"container\">\n\t\t<div class=\"elementor-element elementor-element-c609002 e-grid e-con-full e-con e-child\" data-id=\"c609002\" data-element_type=\"container\" data-e-type=\"container\">\n\t\t\t\t<div class=\"elementor-element elementor-element-c6f841b elementor-widget elementor-widget-heading\" data-id=\"c6f841b\" data-element_type=\"widget\" data-e-type=\"widget\" data-widget_type=\"heading.default\">\n\t\t\t\t<div class=\"elementor-widget-container\">\n\t\t\t\t\t<h2 class=\"elementor-heading-title elementor-size-default\">Co mo\u017cemy dla Was zrobi\u0107?<\/h2>\t\t\t\t<\/div>\n\t\t\t\t<\/div>\n\t\t\t\t<div class=\"elementor-element elementor-element-7a243e7 elementor-widget elementor-widget-heading\" data-id=\"7a243e7\" data-element_type=\"widget\" data-e-type=\"widget\" data-widget_type=\"heading.default\">\n\t\t\t\t<div class=\"elementor-widget-container\">\n\t\t\t\t\t<h5 class=\"elementor-heading-title elementor-size-default\">Jaka jest Wasza data?<br>Zostaw swojego maila.<br><br>paulina@whitewedding.com.pl<\/h5>\t\t\t\t<\/div>\n\t\t\t\t<\/div>\n\t\t\t\t<div class=\"elementor-element elementor-element-040a756 elementor-widget elementor-widget-image\" data-id=\"040a756\" data-element_type=\"widget\" data-e-type=\"widget\" data-widget_type=\"image.default\">\n\t\t\t\t<div class=\"elementor-widget-container\">\n\t\t\t\t\t\t\t\t\t\t\t\t\t\t\t<img decoding=\"async\" width=\"300\" height=\"200\" src=\"https:\/\/whitewedding.com.pl\/wp-content\/uploads\/2025\/02\/Foto-746-300x200.jpg\" class=\"attachment-medium size-medium wp-image-128\" alt=\"\" srcset=\"https:\/\/whitewedding.com.pl\/wp-content\/uploads\/2025\/02\/Foto-746-300x200.jpg 300w, https:\/\/whitewedding.com.pl\/wp-content\/uploads\/2025\/02\/Foto-746-1024x683.jpg 1024w, https:\/\/whitewedding.com.pl\/wp-content\/uploads\/2025\/02\/Foto-746-768x512.jpg 768w, https:\/\/whitewedding.com.pl\/wp-content\/uploads\/2025\/02\/Foto-746-1536x1024.jpg 1536w, https:\/\/whitewedding.com.pl\/wp-content\/uploads\/2025\/02\/Foto-746-2048x1365.jpg 2048w\" sizes=\"(max-width: 300px) 100vw, 300px\" \/>\t\t\t\t\t\t\t\t\t\t\t\t\t\t\t<\/div>\n\t\t\t\t<\/div>\n\t\t\t\t<\/div>\n\t\t\t\t<div class=\"elementor-element elementor-element-2cb4a8a elementor-mobile-button-align-stretch elementor-button-align-stretch elementor-widget elementor-widget-form\" data-id=\"2cb4a8a\" data-element_type=\"widget\" data-e-type=\"widget\" data-settings=\"{&quot;step_next_label&quot;:&quot;Continue&quot;,&quot;step_previous_label&quot;:&quot;Back Step&quot;,&quot;button_width_tablet&quot;:&quot;33&quot;,&quot;button_width&quot;:&quot;100&quot;,&quot;step_type&quot;:&quot;number_text&quot;,&quot;step_icon_shape&quot;:&quot;circle&quot;}\" data-widget_type=\"form.default\">\n\t\t\t\t<div class=\"elementor-widget-container\">\n\t\t\t\t\t\t\t<form class=\"elementor-form\" method=\"post\" name=\"Get in Touch\" aria-label=\"Get in Touch\">\n\t\t\t<input type=\"hidden\" name=\"post_id\" value=\"270\"\/>\n\t\t\t<input type=\"hidden\" name=\"form_id\" value=\"2cb4a8a\"\/>\n\t\t\t<input type=\"hidden\" name=\"referer_title\" value=\"\" \/>\n\n\t\t\t\n\t\t\t<div class=\"elementor-form-fields-wrapper elementor-labels-\">\n\t\t\t\t\t\t\t\t<div class=\"elementor-field-type-text elementor-field-group elementor-column elementor-field-group-full_name elementor-col-33 elementor-field-required\">\n\t\t\t\t\t\t\t\t\t\t\t\t<label for=\"form-field-full_name\" class=\"elementor-field-label elementor-screen-only\">\n\t\t\t\t\t\t\t\tImie\t\t\t\t\t\t\t<\/label>\n\t\t\t\t\t\t\t\t\t\t\t\t\t\t<input size=\"1\" type=\"text\" name=\"form_fields[full_name]\" id=\"form-field-full_name\" class=\"elementor-field elementor-size-sm  elementor-field-textual\" placeholder=\"Imie*\" required=\"required\">\n\t\t\t\t\t\t\t\t\t\t\t<\/div>\n\t\t\t\t\t\t\t\t<div class=\"elementor-field-type-email elementor-field-group elementor-column elementor-field-group-contact_email elementor-col-33 elementor-field-required\">\n\t\t\t\t\t\t\t\t\t\t\t\t<label for=\"form-field-contact_email\" class=\"elementor-field-label elementor-screen-only\">\n\t\t\t\t\t\t\t\tEmail Address\t\t\t\t\t\t\t<\/label>\n\t\t\t\t\t\t\t\t\t\t\t\t\t\t<input size=\"1\" type=\"email\" name=\"form_fields[contact_email]\" id=\"form-field-contact_email\" class=\"elementor-field elementor-size-sm  elementor-field-textual\" placeholder=\"Email*\" required=\"required\">\n\t\t\t\t\t\t\t\t\t\t\t<\/div>\n\t\t\t\t\t\t\t\t<div class=\"elementor-field-type-date elementor-field-group elementor-column elementor-field-group-field_c36ca05 elementor-col-33\">\n\t\t\t\t\t\t\t\t\t\t\t\t<label for=\"form-field-field_c36ca05\" class=\"elementor-field-label elementor-screen-only\">\n\t\t\t\t\t\t\t\tData\t\t\t\t\t\t\t<\/label>\n\t\t\t\t\t\t\n\t\t<input type=\"date\" name=\"form_fields[field_c36ca05]\" id=\"form-field-field_c36ca05\" class=\"elementor-field elementor-size-sm  elementor-field-textual elementor-date-field\" placeholder=\"Data\" pattern=\"[0-9]{4}-[0-9]{2}-[0-9]{2}\">\n\t\t\t\t\t\t<\/div>\n\t\t\t\t\t\t\t\t<div class=\"elementor-field-type-text elementor-field-group elementor-column elementor-field-group-field_ddc31f7 elementor-col-100 elementor-field-required\">\n\t\t\t\t\t\t\t\t\t\t\t\t<label for=\"form-field-field_ddc31f7\" class=\"elementor-field-label elementor-screen-only\">\n\t\t\t\t\t\t\t\tTekst\t\t\t\t\t\t\t<\/label>\n\t\t\t\t\t\t\t\t\t\t\t\t\t\t<input size=\"1\" type=\"text\" name=\"form_fields[field_ddc31f7]\" id=\"form-field-field_ddc31f7\" class=\"elementor-field elementor-size-sm  elementor-field-textual\" placeholder=\"Wiadomo\u015b\u0107*\" required=\"required\">\n\t\t\t\t\t\t\t\t\t\t\t<\/div>\n\t\t\t\t\t\t\t\t<div class=\"elementor-field-group elementor-column elementor-field-type-submit elementor-col-100 e-form__buttons elementor-md-33\">\n\t\t\t\t\t<button class=\"elementor-button elementor-size-md\" type=\"submit\">\n\t\t\t\t\t\t<span class=\"elementor-button-content-wrapper\">\n\t\t\t\t\t\t\t\t\t\t\t\t\t\t\t\t\t\t\t\t\t\t<span class=\"elementor-button-text\">Wy\u015blij<\/span>\n\t\t\t\t\t\t\t\t\t\t\t\t\t<\/span>\n\t\t\t\t\t<\/button>\n\t\t\t\t<\/div>\n\t\t\t<\/div>\n\t\t<\/form>\n\t\t\t\t\t\t<\/div>\n\t\t\t\t<\/div>\n\t\t\t\t<\/div>\n\t\t\t\t<\/div>\n\t\t\t\t\t<\/div>\n\t\t\t\t<\/div>\n\t\t<div class=\"elementor-element elementor-element-58770c2a e-con-full e-flex e-con e-parent\" data-id=\"58770c2a\" data-element_type=\"container\" data-e-type=\"container\" data-settings=\"{&quot;background_background&quot;:&quot;classic&quot;}\">\n\t\t\t\t<div class=\"elementor-element elementor-element-1943276a elementor-widget elementor-widget-heading\" data-id=\"1943276a\" data-element_type=\"widget\" data-e-type=\"widget\" data-widget_type=\"heading.default\">\n\t\t\t\t<div class=\"elementor-widget-container\">\n\t\t\t\t\t<p class=\"elementor-heading-title elementor-size-default\">\u00a9 2026 All Rights Reserved.<\/p>\t\t\t\t<\/div>\n\t\t\t\t<\/div>\n\t\t\t\t<\/div>\n\t\t\t\t<\/div>\n\t\t","protected":false},"excerpt":{"rendered":"<p>886 094 886 http:\/\/whitewedding.com.pl\/wp-content\/uploads\/2025\/02\/i-will-survive-3.mov ZESP\u00d3\u0141 Zesp\u00f3\u0142 GramyDlaWas to gwarancja doskona\u0142ej oprawy muzycznej, kt\u00f3ra nada ka\u017cdej uroczysto\u015bci weselnej niepowtarzalny klimat. Po\u0142\u0105czenie bogatego repertuaru \u2013 od klasycznych szlagier\u00f3w po wsp\u00f3\u0142czesne hity \u2013 z wysokim poziomem wykonania sprawia, \u017ce parkiet zape\u0142nia si\u0119 od pierwszego do ostatniego utworu. Muzycy nie tylko potrafi\u0105 rozgrza\u0107 atmosfer\u0119 i porwa\u0107 go\u015bci do ta\u0144ca, [&hellip;]<\/p>\n","protected":false},"author":1,"featured_media":0,"parent":0,"menu_order":0,"comment_status":"closed","ping_status":"closed","template":"","meta":{"footnotes":""},"class_list":["post-270","page","type-page","status-publish","hentry"],"_links":{"self":[{"href":"https:\/\/whitewedding.com.pl\/index.php\/wp-json\/wp\/v2\/pages\/270","targetHints":{"allow":["GET"]}}],"collection":[{"href":"https:\/\/whitewedding.com.pl\/index.php\/wp-json\/wp\/v2\/pages"}],"about":[{"href":"https:\/\/whitewedding.com.pl\/index.php\/wp-json\/wp\/v2\/types\/page"}],"author":[{"embeddable":true,"href":"https:\/\/whitewedding.com.pl\/index.php\/wp-json\/wp\/v2\/users\/1"}],"replies":[{"embeddable":true,"href":"https:\/\/whitewedding.com.pl\/index.php\/wp-json\/wp\/v2\/comments?post=270"}],"version-history":[{"count":63,"href":"https:\/\/whitewedding.com.pl\/index.php\/wp-json\/wp\/v2\/pages\/270\/revisions"}],"predecessor-version":[{"id":617,"href":"https:\/\/whitewedding.com.pl\/index.php\/wp-json\/wp\/v2\/pages\/270\/revisions\/617"}],"wp:attachment":[{"href":"https:\/\/whitewedding.com.pl\/index.php\/wp-json\/wp\/v2\/media?parent=270"}],"curies":[{"name":"wp","href":"https:\/\/api.w.org\/{rel}","templated":true}]}}